{"id":27,"date":"2017-05-30T14:36:10","date_gmt":"2017-05-30T14:36:10","guid":{"rendered":"http:\/\/www.senadojcimexico.org\/portal\/?page_id=27"},"modified":"2026-04-30T18:52:07","modified_gmt":"2026-05-01T00:52:07","slug":"historia","status":"publish","type":"page","link":"https:\/\/www.senadojcimexico.org\/portal\/senado\/historia\/","title":{"rendered":"Historia"},"content":{"rendered":"<p style=\"text-align: justify;\">En agosto de 1984 se organiz\u00f3 una reuni\u00f3n de Senadores&nbsp; JCI en la ciudad de Hermosillo, cuyo anfitri\u00f3n fue Luis Katsurayama, entonces Director de Turismo del Estado de Sonora. A esta reuni\u00f3n acudieron 40 Senadores de diversas partes del pa\u00eds y representantes del Senado de Estados Unidos, como Bill Buck, Larry Sheeler, Alex Baca y Steve Lopez.<\/p>\n<p style=\"text-align: justify;\">A Luis Katsurayama se le encarg\u00f3 la tarea de organizar una nueva reuni\u00f3n de Senadores durante la XL Convenci\u00f3n Nacional de C\u00e1maras J\u00fanior de M\u00e9xico en Cd. Ju\u00e1rez, en octubre de 1985 y presentar ah\u00ed un plan para la formaci\u00f3n del Senado mexicano. A esa reuni\u00f3n se dieron cita 45 Senadores, adem\u00e1s del Presidente del US JCI Senate, Dough McCarty. Katsurayama fue electo Presidente provisional por un periodo de dos a\u00f1os, con la consigna de formar la asociaci\u00f3n de Senadores JCI de M\u00e9xico en la siguiente reuni\u00f3n.<\/p>\n<div class=\"ja-thumbnailwrap thumb-left\">\n<div class=\"ja-thumbnail clearfix\">\n<div class=\"thumbnail\" style=\"text-align: justify;\"><a class=\"thickbox\" title=\"\" href=\"http:\/\/senadojcimexico.org\/images\/hist2.jpg?keepThis=true&amp;TB_iframe=true\" rel=\"jagroupgroup\">&nbsp; <\/a><a class=\"thickbox\" href=\"http:\/\/senadojcimexico.org\/images\/hist2.jpg?keepThis=true&amp;TB_iframe=true\" rel=\"jagroupgroup\"><img loading=\"lazy\" decoding=\"async\" class=\"wp-image-102 alignleft\" src=\"https:\/\/www.senadojcimexico.org\/portal\/wp-content\/uploads\/2017\/05\/hist2.jpg\" alt=\"\" width=\"249\" height=\"142\"><\/a>Luis Katsurayama no pudo asistir a la XLI Convenci\u00f3n de C\u00e1maras J\u00fanior de M\u00e9xico en Oaxaca y renunci\u00f3 a la Presidencia, habiendo ocupado su lugar el Sen. Gonzalo Villa, a quien se le encomend\u00f3 la formaci\u00f3n del Senado JCI de M\u00e9xico, hecho que sucedi\u00f3 durante la XLII Convenci\u00f3n Nacional de C\u00e1maras J\u00fanior de M\u00e9xico en Ciudad del Carmen, Campeche, en octubre de 1987, con la celebraci\u00f3n de la primera asamblea general de Senadores.<\/div>\n<div class=\"thumbnail\" style=\"text-align: justify;\">No obstante, fue hasta septiembre de 1993, en la ciudad de Puebla, cuando se protocoliz\u00f3 el Acta Constitutiva del Senado JCI de M\u00e9xico, A. C., siendo Presidente el Sen. #45266 Antonio Espinosa Ju\u00e1rez, de Zacatl\u00e1n, quien entreg\u00f3 el acta debidamente protocolizada, a la asamblea general en la VII Convenci\u00f3n Nacional del Senado, en octubre de 1993 en San Crist\u00f3bal Las Casas, Chiapas, siendo Presidente electo el Sen. #45268 Joaqu\u00edn E. Mart\u00ednez Yannini.<\/div>\n<\/div>\n<\/div>\n<p style=\"text-align: justify;\">Durante su existencia, el Senado JCI de M\u00e9xico ha tenido como objetivos primordiales, fomentar la amistad y el compa\u00f1erismo entre los Senadores, as\u00ed como promover apoyar la formaci\u00f3n y crecimiento de la JCI en M\u00e9xico.<\/p>\n","protected":false},"excerpt":{"rendered":"<p>En agosto de 1984 se organiz\u00f3 una reuni\u00f3n de Senadores&nbsp; JCI en la ciudad de Hermosillo, cuyo anfitri\u00f3n fue Luis Katsurayama, entonces Director de Turismo del Estado de Sonora. A esta reuni\u00f3n acudieron 40 Senadores de diversas partes del pa\u00eds y representantes del Senado de Estados Unidos, como Bill Buck, Larry Sheeler, Alex Baca y &hellip; <\/p>\n<p><a class=\"more-link btn\" href=\"https:\/\/www.senadojcimexico.org\/portal\/senado\/historia\/\">Seguir leyendo<\/a><\/p>\n","protected":false},"author":1,"featured_media":0,"parent":5,"menu_order":6,"comment_status":"closed","ping_status":"closed","template":"","meta":{"ngg_post_thumbnail":0,"footnotes":""},"class_list":["post-27","page","type-page","status-publish","hentry","nodate","item-wrap"],"_links":{"self":[{"href":"https:\/\/www.senadojcimexico.org\/portal\/wp-json\/wp\/v2\/pages\/27","targetHints":{"allow":["GET"]}}],"collection":[{"href":"https:\/\/www.senadojcimexico.org\/portal\/wp-json\/wp\/v2\/pages"}],"about":[{"href":"https:\/\/www.senadojcimexico.org\/portal\/wp-json\/wp\/v2\/types\/page"}],"author":[{"embeddable":true,"href":"https:\/\/www.senadojcimexico.org\/portal\/wp-json\/wp\/v2\/users\/1"}],"replies":[{"embeddable":true,"href":"https:\/\/www.senadojcimexico.org\/portal\/wp-json\/wp\/v2\/comments?post=27"}],"version-history":[{"count":9,"href":"https:\/\/www.senadojcimexico.org\/portal\/wp-json\/wp\/v2\/pages\/27\/revisions"}],"predecessor-version":[{"id":4762,"href":"https:\/\/www.senadojcimexico.org\/portal\/wp-json\/wp\/v2\/pages\/27\/revisions\/4762"}],"up":[{"embeddable":true,"href":"https:\/\/www.senadojcimexico.org\/portal\/wp-json\/wp\/v2\/pages\/5"}],"wp:attachment":[{"href":"https:\/\/www.senadojcimexico.org\/portal\/wp-json\/wp\/v2\/media?parent=27"}],"curies":[{"name":"wp","href":"https:\/\/api.w.org\/{rel}","templated":true}]}}