{"id":23,"date":"2017-05-30T14:26:42","date_gmt":"2017-05-30T14:26:42","guid":{"rendered":"http:\/\/www.senadojcimexico.org\/portal\/?page_id=23"},"modified":"2025-04-09T12:53:40","modified_gmt":"2025-04-09T18:53:40","slug":"directorio","status":"publish","type":"page","link":"https:\/\/www.senadojcimexico.org\/portal\/senado\/directorio\/","title":{"rendered":"Junta directiva"},"content":{"rendered":"<p>&nbsp;<\/p>\n<table class=\"wftable dept_list\">\n<tbody>\n<tr>\n<td valign=\"top\">\n<div class=\"wf_employee_photo\" style=\"width: 90px; text-align: center;\"><a href=\"https:\/\/www.senadojcimexico.org\/portal\/senado\/directorio\/chuy\/\" rel=\"attachment wp-att-7939\"><img loading=\"lazy\" decoding=\"async\" class=\"aligncenter size-medium wp-image-7939\" src=\"https:\/\/www.senadojcimexico.org\/portal\/wp-content\/uploads\/2025\/04\/chuy-142x300.jpg\" alt=\"\" width=\"142\" height=\"300\" srcset=\"https:\/\/www.senadojcimexico.org\/portal\/wp-content\/uploads\/2025\/04\/chuy-142x300.jpg 142w, https:\/\/www.senadojcimexico.org\/portal\/wp-content\/uploads\/2025\/04\/chuy.jpg 301w\" sizes=\"auto, (max-width: 142px) 100vw, 142px\" \/><\/a><\/div>\n<\/td>\n<td valign=\"top\" width=\"100%\">\n<div class=\"wf_employee_details\">\n<h3 class=\"wf_employee_name\">#64145&nbsp; Jesus Alonso Beltran Gonzalez<\/h3>\n<div class=\"wf_employee_position\"><strong>Presidente &#8211;<\/strong><\/div>\n<div class=\"wf_employee_line\"><span style=\"color: #0000ff;\"> &nbsp;&nbsp;<br \/>\n<\/span><\/div>\n<\/div>\n<\/td>\n<\/tr>\n<\/tbody>\n<\/table>\n<table class=\"wftable dept_list\">\n<tbody>\n<tr>\n<td valign=\"top\">\n<div class=\"wf_employee_photo\" style=\"width: 90px;\">\n<p style=\"text-align: center;\"><a href=\"https:\/\/www.senadojcimexico.org\/portal\/wp-content\/uploads\/2023\/09\/FARCH_Tesorero.jpg\"><img loading=\"lazy\" decoding=\"async\" class=\"aligncenter size-full wp-image-4604\" src=\"https:\/\/www.senadojcimexico.org\/portal\/wp-content\/uploads\/2023\/09\/FARCH_Tesorero.jpg\" alt=\"\" width=\"505\" height=\"630\" srcset=\"https:\/\/www.senadojcimexico.org\/portal\/wp-content\/uploads\/2023\/09\/FARCH_Tesorero.jpg 505w, https:\/\/www.senadojcimexico.org\/portal\/wp-content\/uploads\/2023\/09\/FARCH_Tesorero-240x300.jpg 240w\" sizes=\"auto, (max-width: 505px) 100vw, 505px\" \/><\/a><\/p>\n<\/div>\n<\/td>\n<td valign=\"top\" width=\"100%\">\n<div class=\"wf_employee_details\">\n<h3 class=\"wf_employee_name\">#73374&nbsp; Francisco Andr\u00e9s Rodr\u00edguez Ch\u00e1vez<\/h3>\n<div class=\"wf_employee_position\"><strong>Pasado Presidente <\/strong><\/div>\n<\/div>\n<\/td>\n<\/tr>\n<\/tbody>\n<\/table>\n<table class=\"wftable dept_list\" style=\"height: 318px;\" width=\"752\">\n<tbody>\n<tr>\n<td valign=\"top\">\n<div class=\"wf_employee_photo\" style=\"width: 90px; text-align: center;\"><a href=\"https:\/\/www.senadojcimexico.org\/portal\/senado\/directorio\/elias-sosa\/\" rel=\"attachment wp-att-7940\"><img loading=\"lazy\" decoding=\"async\" class=\"aligncenter size-medium wp-image-7940\" src=\"https:\/\/www.senadojcimexico.org\/portal\/wp-content\/uploads\/2025\/04\/elias-sosa-225x300.jpg\" alt=\"\" width=\"225\" height=\"300\" srcset=\"https:\/\/www.senadojcimexico.org\/portal\/wp-content\/uploads\/2025\/04\/elias-sosa-225x300.jpg 225w, https:\/\/www.senadojcimexico.org\/portal\/wp-content\/uploads\/2025\/04\/elias-sosa-767x1024.jpg 767w, https:\/\/www.senadojcimexico.org\/portal\/wp-content\/uploads\/2025\/04\/elias-sosa-768x1025.jpg 768w, https:\/\/www.senadojcimexico.org\/portal\/wp-content\/uploads\/2025\/04\/elias-sosa-1151x1536.jpg 1151w, https:\/\/www.senadojcimexico.org\/portal\/wp-content\/uploads\/2025\/04\/elias-sosa-750x1001.jpg 750w, https:\/\/www.senadojcimexico.org\/portal\/wp-content\/uploads\/2025\/04\/elias-sosa.jpg 1199w\" sizes=\"auto, (max-width: 225px) 100vw, 225px\" \/><\/a><\/div>\n<\/td>\n<td valign=\"top\" width=\"100%\">\n<div class=\"wf_employee_details\">\n<h3 class=\"wf_employee_name\"># 54998 Elias Enrique Ayuso Sosa<\/h3>\n<div class=\"wf_employee_position\"><strong>Asesor Legal<\/strong><\/div>\n<\/div>\n<\/td>\n<\/tr>\n<tr>\n<td style=\"text-align: center;\" valign=\"top\"><a href=\"https:\/\/www.senadojcimexico.org\/portal\/senado\/directorio\/karla-campos\/\" rel=\"attachment wp-att-7941\"><img loading=\"lazy\" decoding=\"async\" class=\"aligncenter size-medium wp-image-7941\" src=\"https:\/\/www.senadojcimexico.org\/portal\/wp-content\/uploads\/2025\/04\/karla-campos-272x300.jpg\" alt=\"\" width=\"272\" height=\"300\" srcset=\"https:\/\/www.senadojcimexico.org\/portal\/wp-content\/uploads\/2025\/04\/karla-campos-272x300.jpg 272w, https:\/\/www.senadojcimexico.org\/portal\/wp-content\/uploads\/2025\/04\/karla-campos-927x1024.jpg 927w, https:\/\/www.senadojcimexico.org\/portal\/wp-content\/uploads\/2025\/04\/karla-campos-768x848.jpg 768w, https:\/\/www.senadojcimexico.org\/portal\/wp-content\/uploads\/2025\/04\/karla-campos-1391x1536.jpg 1391w, https:\/\/www.senadojcimexico.org\/portal\/wp-content\/uploads\/2025\/04\/karla-campos-750x828.jpg 750w, https:\/\/www.senadojcimexico.org\/portal\/wp-content\/uploads\/2025\/04\/karla-campos.jpg 1449w\" sizes=\"auto, (max-width: 272px) 100vw, 272px\" \/><\/a><\/td>\n<td valign=\"top\" width=\"100%\">\n<div class=\"wf_employee_details\">\n<h3 class=\"wf_employee_name\">#77313 &nbsp;Karla Edith Campos Rodriguez<\/h3>\n<div class=\"wf_employee_position\"><strong>Secretaria General<\/strong><\/div>\n<\/div>\n<\/td>\n<\/tr>\n<\/tbody>\n<\/table>\n<table class=\"wftable dept_list\">\n<tbody>\n<tr>\n<td valign=\"top\">\n<div class=\"wf_employee_photo\" style=\"width: 90px; text-align: center;\"><a href=\"https:\/\/www.senadojcimexico.org\/portal\/wp-content\/uploads\/2023\/01\/Javier-Zepeda.jpg\"><img loading=\"lazy\" decoding=\"async\" class=\"aligncenter size-full wp-image-3925\" src=\"https:\/\/www.senadojcimexico.org\/portal\/wp-content\/uploads\/2023\/01\/Javier-Zepeda.jpg\" alt=\"\" width=\"285\" height=\"385\" srcset=\"https:\/\/www.senadojcimexico.org\/portal\/wp-content\/uploads\/2023\/01\/Javier-Zepeda.jpg 285w, https:\/\/www.senadojcimexico.org\/portal\/wp-content\/uploads\/2023\/01\/Javier-Zepeda-222x300.jpg 222w\" sizes=\"auto, (max-width: 285px) 100vw, 285px\" \/><\/a><\/div>\n<\/td>\n<td valign=\"top\" width=\"100%\">\n<div class=\"wf_employee_details\">\n<h3 class=\"wf_employee_name\">#79966&nbsp; Javier de Jes\u00fas Zepeda Constantino<\/h3>\n<div class=\"wf_employee_position\"><strong>Director de Senado Verde<\/strong><\/div>\n<div class=\"wf_employee_line\"><span id=\"cloak22543\" style=\"color: #0000ff;\">&nbsp;<\/span><\/div>\n<\/div>\n<\/td>\n<\/tr>\n<\/tbody>\n<\/table>\n<table class=\"wftable dept_list\">\n<tbody>\n<tr>\n<td valign=\"top\">\n<div class=\"wf_employee_photo\" style=\"width: 90px; text-align: center;\"><a href=\"https:\/\/www.senadojcimexico.org\/portal\/senado\/directorio\/javier-landavazo\/\" rel=\"attachment wp-att-7942\"><img loading=\"lazy\" decoding=\"async\" class=\"aligncenter size-medium wp-image-7942\" src=\"https:\/\/www.senadojcimexico.org\/portal\/wp-content\/uploads\/2025\/04\/javier-landavazo-257x300.jpg\" alt=\"\" width=\"257\" height=\"300\" srcset=\"https:\/\/www.senadojcimexico.org\/portal\/wp-content\/uploads\/2025\/04\/javier-landavazo-257x300.jpg 257w, https:\/\/www.senadojcimexico.org\/portal\/wp-content\/uploads\/2025\/04\/javier-landavazo-877x1024.jpg 877w, https:\/\/www.senadojcimexico.org\/portal\/wp-content\/uploads\/2025\/04\/javier-landavazo-768x896.jpg 768w, https:\/\/www.senadojcimexico.org\/portal\/wp-content\/uploads\/2025\/04\/javier-landavazo-1316x1536.jpg 1316w, https:\/\/www.senadojcimexico.org\/portal\/wp-content\/uploads\/2025\/04\/javier-landavazo-750x875.jpg 750w, https:\/\/www.senadojcimexico.org\/portal\/wp-content\/uploads\/2025\/04\/javier-landavazo.jpg 1371w\" sizes=\"auto, (max-width: 257px) 100vw, 257px\" \/><\/a><\/div>\n<\/td>\n<td valign=\"top\" width=\"100%\">\n<div class=\"wf_employee_details\">\n<h3 class=\"wf_employee_name\">#56512&nbsp;Jaime Landavazo Soto<\/h3>\n<div class=\"wf_employee_position\"><strong>Tesorero<\/strong><\/div>\n<div class=\"wf_employee_line\"><span id=\"cloak84407\" style=\"color: #0000ff;\">&nbsp;<\/span><\/div>\n<\/div>\n<\/td>\n<\/tr>\n<\/tbody>\n<\/table>\n<table class=\"wftable dept_list\" style=\"height: 988px;\" width=\"751\">\n<tbody>\n<tr>\n<td valign=\"top\">\n<div class=\"wf_employee_photo\" style=\"width: 90px; text-align: center;\">\n<h3 class=\"wf_employee_name\"><a href=\"https:\/\/www.senadojcimexico.org\/portal\/senado\/directorio\/fernando-mares\/\" rel=\"attachment wp-att-7943\"><img loading=\"lazy\" decoding=\"async\" class=\"aligncenter size-medium wp-image-7943\" src=\"https:\/\/www.senadojcimexico.org\/portal\/wp-content\/uploads\/2025\/04\/fernando-mares-225x300.jpg\" alt=\"\" width=\"225\" height=\"300\" srcset=\"https:\/\/www.senadojcimexico.org\/portal\/wp-content\/uploads\/2025\/04\/fernando-mares-225x300.jpg 225w, https:\/\/www.senadojcimexico.org\/portal\/wp-content\/uploads\/2025\/04\/fernando-mares-768x1024.jpg 768w, https:\/\/www.senadojcimexico.org\/portal\/wp-content\/uploads\/2025\/04\/fernando-mares-1152x1536.jpg 1152w, https:\/\/www.senadojcimexico.org\/portal\/wp-content\/uploads\/2025\/04\/fernando-mares-750x1000.jpg 750w, https:\/\/www.senadojcimexico.org\/portal\/wp-content\/uploads\/2025\/04\/fernando-mares.jpg 1200w\" sizes=\"auto, (max-width: 225px) 100vw, 225px\" \/><\/a><\/h3>\n<\/div>\n<\/td>\n<td valign=\"top\" width=\"100%\">\n<div class=\"wf_employee_details\">\n<h3 class=\"wf_employee_name\">#77318 Luis Fernando Mares Cossio&nbsp;<\/h3>\n<div class=\"wf_employee_position\"><strong>Vicepresidente Ejecutivo<\/strong><\/div>\n<\/div>\n<\/td>\n<\/tr>\n<tr>\n<td style=\"text-align: center;\" valign=\"top\"><a href=\"https:\/\/www.senadojcimexico.org\/portal\/senado\/directorio\/paul-val\/\" rel=\"attachment wp-att-7944\"><img loading=\"lazy\" decoding=\"async\" class=\"aligncenter size-medium wp-image-7944\" src=\"https:\/\/www.senadojcimexico.org\/portal\/wp-content\/uploads\/2025\/04\/paul-val-300x200.jpg\" alt=\"\" width=\"300\" height=\"200\" srcset=\"https:\/\/www.senadojcimexico.org\/portal\/wp-content\/uploads\/2025\/04\/paul-val-300x200.jpg 300w, https:\/\/www.senadojcimexico.org\/portal\/wp-content\/uploads\/2025\/04\/paul-val-1024x682.jpg 1024w, https:\/\/www.senadojcimexico.org\/portal\/wp-content\/uploads\/2025\/04\/paul-val-768x512.jpg 768w, https:\/\/www.senadojcimexico.org\/portal\/wp-content\/uploads\/2025\/04\/paul-val-750x500.jpg 750w, https:\/\/www.senadojcimexico.org\/portal\/wp-content\/uploads\/2025\/04\/paul-val.jpg 1280w\" sizes=\"auto, (max-width: 300px) 100vw, 300px\" \/><\/a><\/td>\n<td valign=\"top\" width=\"100%\">\n<div class=\"wf_employee_details\">\n<h3 class=\"wf_employee_name\">#82179 Paul Valdiviezo Perez&nbsp;<\/h3>\n<div class=\"wf_employee_position\"><strong>Vicepresidente Asignado Zona Norte<\/strong><\/div>\n<\/div>\n<\/td>\n<\/tr>\n<tr>\n<td style=\"text-align: center;\" valign=\"top\"><a href=\"https:\/\/www.senadojcimexico.org\/portal\/senado\/directorio\/jorge-perez\/\" rel=\"attachment wp-att-7945\"><img loading=\"lazy\" decoding=\"async\" class=\"aligncenter size-medium wp-image-7945\" src=\"https:\/\/www.senadojcimexico.org\/portal\/wp-content\/uploads\/2025\/04\/jorge-perez-239x300.jpg\" alt=\"\" width=\"239\" height=\"300\" srcset=\"https:\/\/www.senadojcimexico.org\/portal\/wp-content\/uploads\/2025\/04\/jorge-perez-239x300.jpg 239w, https:\/\/www.senadojcimexico.org\/portal\/wp-content\/uploads\/2025\/04\/jorge-perez.jpg 687w\" sizes=\"auto, (max-width: 239px) 100vw, 239px\" \/><\/a><\/td>\n<td valign=\"top\" width=\"100%\">\n<div class=\"wf_employee_details\">\n<h3 class=\"wf_employee_name\">#82197&nbsp; Jorge Perez Sosa&nbsp;<\/h3>\n<div class=\"wf_employee_position\"><strong>Vicepresidente Asignado Zona Centro<\/strong><\/div>\n<\/div>\n<\/td>\n<\/tr>\n<tr>\n<td style=\"text-align: center;\" valign=\"top\"><a href=\"https:\/\/www.senadojcimexico.org\/portal\/senado\/directorio\/antonio-gzz\/\" rel=\"attachment wp-att-7946\"><img loading=\"lazy\" decoding=\"async\" class=\"aligncenter size-medium wp-image-7946\" src=\"https:\/\/www.senadojcimexico.org\/portal\/wp-content\/uploads\/2025\/04\/antonio-gzz-245x300.jpg\" alt=\"\" width=\"245\" height=\"300\" srcset=\"https:\/\/www.senadojcimexico.org\/portal\/wp-content\/uploads\/2025\/04\/antonio-gzz-245x300.jpg 245w, https:\/\/www.senadojcimexico.org\/portal\/wp-content\/uploads\/2025\/04\/antonio-gzz-768x941.jpg 768w, https:\/\/www.senadojcimexico.org\/portal\/wp-content\/uploads\/2025\/04\/antonio-gzz-750x919.jpg 750w, https:\/\/www.senadojcimexico.org\/portal\/wp-content\/uploads\/2025\/04\/antonio-gzz.jpg 788w\" sizes=\"auto, (max-width: 245px) 100vw, 245px\" \/><\/a><\/td>\n<td valign=\"top\" width=\"100%\">\n<div class=\"wf_employee_details\">\n<h3 class=\"wf_employee_name\">#79947 Antonio Gonzalez Rivera&nbsp;&nbsp;<\/h3>\n<div class=\"wf_employee_position\"><strong>Vicepresidente Asignado Zona Sur<\/strong><\/div>\n<\/div>\n<\/td>\n<\/tr>\n<tr>\n<td style=\"text-align: center;\" valign=\"top\"><a href=\"https:\/\/www.senadojcimexico.org\/portal\/senado\/directorio\/fransico-rojas\/\" rel=\"attachment wp-att-7947\"><img loading=\"lazy\" decoding=\"async\" class=\"aligncenter size-medium wp-image-7947\" src=\"https:\/\/www.senadojcimexico.org\/portal\/wp-content\/uploads\/2025\/04\/fransico-rojas-237x300.jpg\" alt=\"\" width=\"237\" height=\"300\" srcset=\"https:\/\/www.senadojcimexico.org\/portal\/wp-content\/uploads\/2025\/04\/fransico-rojas-237x300.jpg 237w, https:\/\/www.senadojcimexico.org\/portal\/wp-content\/uploads\/2025\/04\/fransico-rojas.jpg 591w\" sizes=\"auto, (max-width: 237px) 100vw, 237px\" \/><\/a><\/td>\n<td valign=\"top\" width=\"100%\">\n<div class=\"wf_employee_details\">\n<h3 class=\"wf_employee_name\">#60491 Francisco Rojas Flores&nbsp;<\/h3>\n<div class=\"wf_employee_position\"><strong>Director de Relaciones Publicas <\/strong><\/div>\n<\/div>\n<\/td>\n<\/tr>\n<tr>\n<td style=\"text-align: center;\" valign=\"top\"><a href=\"https:\/\/www.senadojcimexico.org\/portal\/senado\/directorio\/ismael-soto\/\" rel=\"attachment wp-att-7948\"><img loading=\"lazy\" decoding=\"async\" class=\"aligncenter size-medium wp-image-7948\" src=\"https:\/\/www.senadojcimexico.org\/portal\/wp-content\/uploads\/2025\/04\/ismael-soto-297x300.jpg\" alt=\"\" width=\"297\" height=\"300\" srcset=\"https:\/\/www.senadojcimexico.org\/portal\/wp-content\/uploads\/2025\/04\/ismael-soto-297x300.jpg 297w, https:\/\/www.senadojcimexico.org\/portal\/wp-content\/uploads\/2025\/04\/ismael-soto-768x776.jpg 768w, https:\/\/www.senadojcimexico.org\/portal\/wp-content\/uploads\/2025\/04\/ismael-soto-750x757.jpg 750w, https:\/\/www.senadojcimexico.org\/portal\/wp-content\/uploads\/2025\/04\/ismael-soto.jpg 810w\" sizes=\"auto, (max-width: 297px) 100vw, 297px\" \/><\/a><\/p>\n<p>&nbsp;<\/p>\n<p><a href=\"https:\/\/www.senadojcimexico.org\/portal\/senado\/directorio\/karla\/\" rel=\"attachment wp-att-7950\"><img loading=\"lazy\" decoding=\"async\" class=\"aligncenter wp-image-7950\" src=\"https:\/\/www.senadojcimexico.org\/portal\/wp-content\/uploads\/2025\/04\/karla-140x300.jpg\" alt=\"\" width=\"73\" height=\"157\" srcset=\"https:\/\/www.senadojcimexico.org\/portal\/wp-content\/uploads\/2025\/04\/karla-140x300.jpg 140w, https:\/\/www.senadojcimexico.org\/portal\/wp-content\/uploads\/2025\/04\/karla-479x1024.jpg 479w, https:\/\/www.senadojcimexico.org\/portal\/wp-content\/uploads\/2025\/04\/karla.jpg 672w\" sizes=\"auto, (max-width: 73px) 100vw, 73px\" \/><\/a><\/td>\n<td valign=\"top\" width=\"100%\">\n<div class=\"wf_employee_details\">\n<h3 class=\"wf_employee_name\">#79966 Ismael Soto Dominguez&nbsp;<\/h3>\n<div class=\"wf_employee_position\"><strong>Director de Relaciones Internacionales<\/strong><\/div>\n<\/div>\n<div>&nbsp;<\/div>\n<div>&nbsp;<\/div>\n<div>&nbsp;<\/div>\n<div>&nbsp;<\/div>\n<div><span style=\"color: inherit; font-family: inherit; font-size: 24px; font-weight: bold; background-color: transparent;\">#79849&nbsp; Karla Paola Aguilar Mu\u00f1oz&nbsp;<\/span><\/div>\n<div>\n<p><strong>Directora de la Convencion Nacional<\/strong><\/p>\n<\/div>\n<div>&nbsp;<\/div>\n<\/td>\n<\/tr>\n<\/tbody>\n<\/table>\n<p>&nbsp;<\/p>\n<p>&nbsp;<\/p>\n","protected":false},"excerpt":{"rendered":"<p>&nbsp; #64145&nbsp; Jesus Alonso Beltran Gonzalez Presidente &#8211; &nbsp;&nbsp; #73374&nbsp; Francisco Andr\u00e9s Rodr\u00edguez Ch\u00e1vez Pasado Presidente # 54998 Elias Enrique Ayuso Sosa Asesor Legal #77313 &nbsp;Karla Edith Campos Rodriguez Secretaria General #79966&nbsp; Javier de Jes\u00fas Zepeda Constantino Director de Senado Verde &nbsp; #56512&nbsp;Jaime Landavazo Soto Tesorero &nbsp; #77318 Luis Fernando Mares Cossio&nbsp; Vicepresidente Ejecutivo #82179 &hellip; <\/p>\n<p><a class=\"more-link btn\" href=\"https:\/\/www.senadojcimexico.org\/portal\/senado\/directorio\/\">Seguir leyendo<\/a><\/p>\n","protected":false},"author":1,"featured_media":0,"parent":5,"menu_order":2,"comment_status":"closed","ping_status":"closed","template":"","meta":{"ngg_post_thumbnail":0,"footnotes":""},"class_list":["post-23","page","type-page","status-publish","hentry","nodate","item-wrap"],"_links":{"self":[{"href":"https:\/\/www.senadojcimexico.org\/portal\/wp-json\/wp\/v2\/pages\/23","targetHints":{"allow":["GET"]}}],"collection":[{"href":"https:\/\/www.senadojcimexico.org\/portal\/wp-json\/wp\/v2\/pages"}],"about":[{"href":"https:\/\/www.senadojcimexico.org\/portal\/wp-json\/wp\/v2\/types\/page"}],"author":[{"embeddable":true,"href":"https:\/\/www.senadojcimexico.org\/portal\/wp-json\/wp\/v2\/users\/1"}],"replies":[{"embeddable":true,"href":"https:\/\/www.senadojcimexico.org\/portal\/wp-json\/wp\/v2\/comments?post=23"}],"version-history":[{"count":68,"href":"https:\/\/www.senadojcimexico.org\/portal\/wp-json\/wp\/v2\/pages\/23\/revisions"}],"predecessor-version":[{"id":7938,"href":"https:\/\/www.senadojcimexico.org\/portal\/wp-json\/wp\/v2\/pages\/23\/revisions\/7938"}],"up":[{"embeddable":true,"href":"https:\/\/www.senadojcimexico.org\/portal\/wp-json\/wp\/v2\/pages\/5"}],"wp:attachment":[{"href":"https:\/\/www.senadojcimexico.org\/portal\/wp-json\/wp\/v2\/media?parent=23"}],"curies":[{"name":"wp","href":"https:\/\/api.w.org\/{rel}","templated":true}]}}