{"id":21,"date":"2017-05-30T14:26:24","date_gmt":"2017-05-30T14:26:24","guid":{"rendered":"http:\/\/www.senadojcimexico.org\/portal\/?page_id=21"},"modified":"2024-06-14T14:51:07","modified_gmt":"2024-06-14T20:51:07","slug":"vision","status":"publish","type":"page","link":"https:\/\/www.senadojcimexico.org\/portal\/senado\/vision\/","title":{"rendered":"Plan estrat\u00e9gico"},"content":{"rendered":"<p><span style=\"text-decoration: underline;\"><strong><span style=\"font-family: verdana, geneva, sans-serif; color: #0000ff; text-decoration: underline;\">Contenido:<\/span><\/strong><\/span><\/p>\n<p><span style=\"font-family: verdana, geneva, sans-serif; color: #0000ff;\"><strong>Misi\u00f3n, Visi\u00f3n y Valores<\/strong><\/span><\/p>\n<p><span style=\"font-family: verdana, geneva, sans-serif; color: #0000ff;\"><strong>Organizaci\u00f3n y funciones<\/strong><\/span><\/p>\n<p><span style=\"font-family: verdana, geneva, sans-serif; color: #0000ff;\"><strong>Marco Legal<\/strong><\/span><\/p>\n<p><span style=\"font-family: verdana, geneva, sans-serif; color: #0000ff;\"><strong>Secretar\u00eda General y Comunicaciones<\/strong><\/span><\/p>\n<p><span style=\"font-family: verdana, geneva, sans-serif; color: #0000ff;\"><strong>Finanzas<\/strong><\/span><\/p>\n<p><span style=\"font-family: verdana, geneva, sans-serif; color: #0000ff;\"><strong>Negocios<\/strong><\/span><\/p>\n<p><span style=\"font-family: verdana, geneva, sans-serif; color: #0000ff;\"><strong>Senado Verde<\/strong><\/span><\/p>\n<p><span style=\"font-family: verdana, geneva, sans-serif; color: #0000ff;\"><strong>Reuniones y 37\u00aa Convenci\u00f3n Nacional<\/strong><\/span><\/p>\n<p><span style=\"font-family: verdana, geneva, sans-serif; color: #0000ff;\"><strong>ASAC <\/strong><\/span><\/p>\n<p><span style=\"font-family: verdana, geneva, sans-serif; color: #0000ff;\"><strong>Coordinaci\u00f3n con la JCI M\u00e9xico<\/strong><\/span><\/p>\n<p><span style=\"font-family: verdana, geneva, sans-serif; color: #0000ff; font-size: 10pt;\">Descargar: <\/span><strong><span style=\"font-family: verdana, geneva, sans-serif; color: #0000ff; font-size: 10pt;\"><a href=\"https:\/\/www.senadojcimexico.org\/portal\/wp-content\/uploads\/2023\/01\/Plan-de-trabajo-Senado-JCI-Mexico-2023-v5_OK.pdf\"><span style=\"color: #0000ff;\">Plan Estrat\u00e9gico<\/span><\/a> 2023<\/span><\/strong><\/p>\n","protected":false},"excerpt":{"rendered":"<p>Contenido: Misi\u00f3n, Visi\u00f3n y Valores Organizaci\u00f3n y funciones Marco Legal Secretar\u00eda General y Comunicaciones Finanzas Negocios Senado Verde Reuniones y 37\u00aa Convenci\u00f3n Nacional ASAC Coordinaci\u00f3n con la JCI M\u00e9xico Descargar: Plan Estrat\u00e9gico 2023<\/p>\n","protected":false},"author":1,"featured_media":0,"parent":5,"menu_order":4,"comment_status":"closed","ping_status":"closed","template":"","meta":{"ngg_post_thumbnail":0,"footnotes":""},"class_list":["post-21","page","type-page","status-publish","hentry","nodate","item-wrap"],"_links":{"self":[{"href":"https:\/\/www.senadojcimexico.org\/portal\/wp-json\/wp\/v2\/pages\/21","targetHints":{"allow":["GET"]}}],"collection":[{"href":"https:\/\/www.senadojcimexico.org\/portal\/wp-json\/wp\/v2\/pages"}],"about":[{"href":"https:\/\/www.senadojcimexico.org\/portal\/wp-json\/wp\/v2\/types\/page"}],"author":[{"embeddable":true,"href":"https:\/\/www.senadojcimexico.org\/portal\/wp-json\/wp\/v2\/users\/1"}],"replies":[{"embeddable":true,"href":"https:\/\/www.senadojcimexico.org\/portal\/wp-json\/wp\/v2\/comments?post=21"}],"version-history":[{"count":15,"href":"https:\/\/www.senadojcimexico.org\/portal\/wp-json\/wp\/v2\/pages\/21\/revisions"}],"predecessor-version":[{"id":4756,"href":"https:\/\/www.senadojcimexico.org\/portal\/wp-json\/wp\/v2\/pages\/21\/revisions\/4756"}],"up":[{"embeddable":true,"href":"https:\/\/www.senadojcimexico.org\/portal\/wp-json\/wp\/v2\/pages\/5"}],"wp:attachment":[{"href":"https:\/\/www.senadojcimexico.org\/portal\/wp-json\/wp\/v2\/media?parent=21"}],"curies":[{"name":"wp","href":"https:\/\/api.w.org\/{rel}","templated":true}]}}