{"id":19,"date":"2017-05-30T14:25:57","date_gmt":"2017-05-30T14:25:57","guid":{"rendered":"http:\/\/www.senadojcimexico.org\/portal\/?page_id=19"},"modified":"2024-06-14T14:51:07","modified_gmt":"2024-06-14T20:51:07","slug":"mision","status":"publish","type":"page","link":"https:\/\/www.senadojcimexico.org\/portal\/senado\/mision\/","title":{"rendered":"Misi\u00f3n y Visi\u00f3n"},"content":{"rendered":"<p style=\"text-align: center;\"><img loading=\"lazy\" decoding=\"async\" class=\"alignnone wp-image-50 size-full\" src=\"https:\/\/www.senadojcimexico.org\/portal\/wp-content\/uploads\/2017\/05\/mision.jpg\" alt=\"\" width=\"480\" height=\"290\" srcset=\"https:\/\/www.senadojcimexico.org\/portal\/wp-content\/uploads\/2017\/05\/mision.jpg 480w, https:\/\/www.senadojcimexico.org\/portal\/wp-content\/uploads\/2017\/05\/mision-300x181.jpg 300w\" sizes=\"auto, (max-width: 480px) 100vw, 480px\" \/><\/p>\n<p style=\"text-align: justify;\"><strong><span style=\"font-family: verdana, geneva, sans-serif; color: #0000ff; font-size: 14pt;\">MISI\u00d3N:<\/span><\/strong><\/p>\n<p style=\"text-align: justify;\"><span style=\"font-family: verdana, geneva, sans-serif; color: #0000ff; font-size: 14pt;\">Fomentar el compa\u00f1erismo, la comunicaci\u00f3n y la buena voluntad entre los Senadores JCI de M\u00e9xico, as\u00ed como atender las solicitudes de la JCI M\u00e9xico para contribuir a la formaci\u00f3n de grupos de j\u00f3venes que puedan convertirse en miembros de la JCI, aprovechando la experiencia y la calidad de miembros vitalicios otorgada a los Senadores por la propia JCI.<\/span><\/p>\n<p><strong><span style=\"font-family: verdana, geneva, sans-serif; font-size: 14pt; color: #0000ff;\">VISI\u00d3N:<\/span><\/strong><\/p>\n<p><span style=\"font-family: verdana, geneva, sans-serif; font-size: 14pt; color: #0000ff;\">Ser la organizaci\u00f3n que consolide los lazos de paz, uni\u00f3n y amistad entre los Senadores JCI de M\u00e9xico; asimismo, que brinde asesor\u00eda y promueva el crecimiento y desarrollo de las organizaciones locales y los miembros de la JCI M\u00e9xico, en su camino a convertirse en ciudadanos activos del mundo.&nbsp;<\/span><\/p>\n","protected":false},"excerpt":{"rendered":"<p>MISI\u00d3N: Fomentar el compa\u00f1erismo, la comunicaci\u00f3n y la buena voluntad entre los Senadores JCI de M\u00e9xico, as\u00ed como atender las solicitudes de la JCI M\u00e9xico para contribuir a la formaci\u00f3n de grupos de j\u00f3venes que puedan convertirse en miembros de la JCI, aprovechando la experiencia y la calidad de miembros vitalicios otorgada a los Senadores &hellip; <\/p>\n<p><a class=\"more-link btn\" href=\"https:\/\/www.senadojcimexico.org\/portal\/senado\/mision\/\">Seguir leyendo<\/a><\/p>\n","protected":false},"author":1,"featured_media":50,"parent":5,"menu_order":1,"comment_status":"closed","ping_status":"closed","template":"","meta":{"ngg_post_thumbnail":0,"footnotes":""},"class_list":["post-19","page","type-page","status-publish","has-post-thumbnail","hentry","nodate","item-wrap"],"_links":{"self":[{"href":"https:\/\/www.senadojcimexico.org\/portal\/wp-json\/wp\/v2\/pages\/19","targetHints":{"allow":["GET"]}}],"collection":[{"href":"https:\/\/www.senadojcimexico.org\/portal\/wp-json\/wp\/v2\/pages"}],"about":[{"href":"https:\/\/www.senadojcimexico.org\/portal\/wp-json\/wp\/v2\/types\/page"}],"author":[{"embeddable":true,"href":"https:\/\/www.senadojcimexico.org\/portal\/wp-json\/wp\/v2\/users\/1"}],"replies":[{"embeddable":true,"href":"https:\/\/www.senadojcimexico.org\/portal\/wp-json\/wp\/v2\/comments?post=19"}],"version-history":[{"count":8,"href":"https:\/\/www.senadojcimexico.org\/portal\/wp-json\/wp\/v2\/pages\/19\/revisions"}],"predecessor-version":[{"id":4754,"href":"https:\/\/www.senadojcimexico.org\/portal\/wp-json\/wp\/v2\/pages\/19\/revisions\/4754"}],"up":[{"embeddable":true,"href":"https:\/\/www.senadojcimexico.org\/portal\/wp-json\/wp\/v2\/pages\/5"}],"wp:featuredmedia":[{"embeddable":true,"href":"https:\/\/www.senadojcimexico.org\/portal\/wp-json\/wp\/v2\/media\/50"}],"wp:attachment":[{"href":"https:\/\/www.senadojcimexico.org\/portal\/wp-json\/wp\/v2\/media?parent=19"}],"curies":[{"name":"wp","href":"https:\/\/api.w.org\/{rel}","templated":true}]}}