{"id":166,"date":"2017-09-27T13:30:29","date_gmt":"2017-09-27T18:30:29","guid":{"rendered":"http:\/\/www.senadojcimexico.org\/portal\/?page_id=166"},"modified":"2024-06-14T14:51:08","modified_gmt":"2024-06-14T20:51:08","slug":"boletines","status":"publish","type":"page","link":"https:\/\/www.senadojcimexico.org\/portal\/boletines\/","title":{"rendered":"Boletines"},"content":{"rendered":"<p><span style=\"color: #0000ff;\"><strong>BOLETINES ASAC<\/strong><\/span><\/p>\n<ul>\n<li><span style=\"color: #0000ff;\"><a style=\"color: #0000ff;\" href=\"https:\/\/asacjci.org\/portal\/wp-content\/uploads\/2019\/09\/ASAC-News-Boletin-1-2019.pdf\"><strong><span style=\"color: #0000ff;\">Bolet\u00edn<\/span><\/strong><\/a> ASAC No. 1&nbsp;&nbsp; 2019-2020<\/span><\/li>\n<li><span style=\"color: #0000ff;\"><a style=\"color: #0000ff;\" href=\"https:\/\/asacjci.org\/portal\/wp-content\/uploads\/2019\/11\/ASAC-News-Boletin-2-2019.pdf\"><strong>Bolet\u00edn<\/strong><\/a> ASAC No. 2&nbsp;&nbsp; 2019-2020<\/span><\/li>\n<li><span style=\"color: #0000ff;\"><strong>Bolet\u00edn <\/strong>ASAC No. 3&nbsp;&nbsp; 2019-2020<\/span><\/li>\n<li><span style=\"color: #0000ff;\"><a style=\"color: #0000ff;\" href=\"https:\/\/www.senadojcimexico.org\/portal\/wp-content\/uploads\/2020\/07\/ASAC-News-Boletin-4_2020.pdf\"><strong>Bolet\u00edn<\/strong><\/a> ASAC No. 4&nbsp;&nbsp; 2019-2020<br \/>\n<\/span><\/li>\n<li><span style=\"color: #0000ff;\"><a style=\"color: #0000ff;\" href=\"https:\/\/www.senadojcimexico.org\/portal\/wp-content\/uploads\/2020\/07\/ASAC-News-Boletin-5_2020.pdf\"><strong>Bolet\u00edn<\/strong><\/a> ASAC No. 5 &nbsp; 2020-2021<\/span><\/li>\n<li><span style=\"color: #0000ff;\"><a style=\"color: #0000ff;\" href=\"https:\/\/www.senadojcimexico.org\/portal\/wp-content\/uploads\/2020\/09\/ASAC-News-Boletin-6_2020-cpd.pdf\"><strong>Bolet\u00edn<\/strong><\/a> ASAC No. 6&nbsp;&nbsp; 2020-2021<\/span><\/li>\n<li><a href=\"https:\/\/www.senadojcimexico.org\/portal\/wp-content\/uploads\/2021\/01\/ASAC-Boletin-7c.pdf\"><strong><span style=\"color: #0000ff;\">Bolet\u00edn<\/span><\/strong><\/a><span style=\"color: #0000ff;\"> ASAC No. 7 &nbsp; 2020-2021<\/span><\/li>\n<li><a href=\"https:\/\/www.senadojcimexico.org\/portal\/wp-content\/uploads\/2021\/01\/ASAC-Boletin-8c.pdf\"><strong><span style=\"color: #0000ff;\">Bolet\u00edn<\/span><\/strong><\/a><span style=\"color: #0000ff;\"> ASAC No. 8 &nbsp; 2020-2021<\/span><\/li>\n<li><a href=\"https:\/\/www.senadojcimexico.org\/portal\/wp-content\/uploads\/2022\/01\/ASAC-News-June-July-2021_Eng-Sp.pdf\"><strong><span style=\"color: #0000ff;\">Bolet\u00edn ASAC No. 9&nbsp;&nbsp; 2021-2022<\/span><\/strong><\/a><\/li>\n<li><a href=\"https:\/\/www.senadojcimexico.org\/portal\/wp-content\/uploads\/2022\/01\/ASAC-News-August-September-2021_Eng-Sp.pdf\"><strong><span style=\"color: #0000ff;\">Bolet\u00edn ASAC No. 10&nbsp; 2021-2022<\/span><\/strong><\/a><\/li>\n<li><a href=\"https:\/\/www.senadojcimexico.org\/portal\/wp-content\/uploads\/2022\/01\/ASAC-News-December-2021-Christmas.pdf\"><strong><span style=\"color: #0000ff;\">Bolet\u00edn ASAC No. 11&nbsp; 2021-2022<\/span><\/strong><\/a><\/li>\n<li><span style=\"color: #0000ff;\"><strong><a href=\"https:\/\/www.senadojcimexico.org\/portal\/wp-content\/uploads\/2023\/01\/ASAC-News-12-Sept-Oct-2022-jcb.pdf\"><span style=\"color: #0000ff;\">Bolet\u00edn<\/span><\/a> ASAC No. 12&nbsp; 2021-2022<\/strong><\/span><\/li>\n<\/ul>\n<p><span style=\"color: #0000ff;\"><!--more--><\/span><\/p>\n<p style=\"text-align: center;\">&nbsp;<\/p>\n","protected":false},"excerpt":{"rendered":"<p>BOLETINES ASAC Bolet\u00edn ASAC No. 1&nbsp;&nbsp; 2019-2020 Bolet\u00edn ASAC No. 2&nbsp;&nbsp; 2019-2020 Bolet\u00edn ASAC No. 3&nbsp;&nbsp; 2019-2020 Bolet\u00edn ASAC No. 4&nbsp;&nbsp; 2019-2020 Bolet\u00edn ASAC No. 5 &nbsp; 2020-2021 Bolet\u00edn ASAC No. 6&nbsp;&nbsp; 2020-2021 Bolet\u00edn ASAC No. 7 &nbsp; 2020-2021 Bolet\u00edn ASAC No. 8 &nbsp; 2020-2021 Bolet\u00edn ASAC No. 9&nbsp;&nbsp; 2021-2022 Bolet\u00edn ASAC No. 10&nbsp; 2021-2022 &hellip; <\/p>\n<p><a class=\"more-link btn\" href=\"https:\/\/www.senadojcimexico.org\/portal\/boletines\/\">Seguir leyendo<\/a><\/p>\n","protected":false},"author":1,"featured_media":0,"parent":0,"menu_order":0,"comment_status":"closed","ping_status":"closed","template":"","meta":{"ngg_post_thumbnail":0,"footnotes":""},"class_list":["post-166","page","type-page","status-publish","hentry","nodate","item-wrap"],"_links":{"self":[{"href":"https:\/\/www.senadojcimexico.org\/portal\/wp-json\/wp\/v2\/pages\/166","targetHints":{"allow":["GET"]}}],"collection":[{"href":"https:\/\/www.senadojcimexico.org\/portal\/wp-json\/wp\/v2\/pages"}],"about":[{"href":"https:\/\/www.senadojcimexico.org\/portal\/wp-json\/wp\/v2\/types\/page"}],"author":[{"embeddable":true,"href":"https:\/\/www.senadojcimexico.org\/portal\/wp-json\/wp\/v2\/users\/1"}],"replies":[{"embeddable":true,"href":"https:\/\/www.senadojcimexico.org\/portal\/wp-json\/wp\/v2\/comments?post=166"}],"version-history":[{"count":35,"href":"https:\/\/www.senadojcimexico.org\/portal\/wp-json\/wp\/v2\/pages\/166\/revisions"}],"predecessor-version":[{"id":4785,"href":"https:\/\/www.senadojcimexico.org\/portal\/wp-json\/wp\/v2\/pages\/166\/revisions\/4785"}],"wp:attachment":[{"href":"https:\/\/www.senadojcimexico.org\/portal\/wp-json\/wp\/v2\/media?parent=166"}],"curies":[{"name":"wp","href":"https:\/\/api.w.org\/{rel}","templated":true}]}}