{"id":13,"date":"2017-05-30T14:24:16","date_gmt":"2017-05-30T14:24:16","guid":{"rendered":"http:\/\/www.senadojcimexico.org\/portal\/?page_id=13"},"modified":"2024-06-14T14:51:07","modified_gmt":"2024-06-14T20:51:07","slug":"fundacion","status":"publish","type":"page","link":"https:\/\/www.senadojcimexico.org\/portal\/fundacion\/","title":{"rendered":"Fundaci\u00f3n Nacional de Desarrollo de C\u00e1mara Junior de M\u00e9xico, S.C."},"content":{"rendered":"<p><span style=\"font-family: tahoma, arial, helvetica, sans-serif; font-size: 10pt;\"><b><span style=\"color: #666666;\">Antecedentes. &#8211; <\/span><\/b>La Fundaci\u00f3n se cre\u00f3 en octubre de 1997 por acuerdo de la Asamblea General en la LII Convenci\u00f3n Nacional de C\u00e1maras Junior de M\u00e9xico (ahora JCI M\u00e9xico) y se constituy\u00f3 legalmente como Sociedad Civil el 17 de agosto de 1998, inscrita en el Registro Federal de Contribuyentes con c\u00e9dula FND-980817-MP9.<\/span><\/p>\n<p><span style=\"font-family: tahoma, arial, helvetica, sans-serif; font-size: 10pt;\"><strong>Objetivos<\/strong><br \/>\n<\/span><\/p>\n<ul>\n<li style=\"text-align: justify;\"><span style=\"font-family: tahoma, arial, helvetica, sans-serif; font-size: 10pt;\">Crear un fondo fiduciario para apoyar las actividades de capacitaci\u00f3n, crecimiento y desarrollo de los miembros de las organizaciones locales de C\u00e1maras J\u00fanior de M\u00e9xico (en adelante JCI M\u00e9xico).<\/span><\/li>\n<li style=\"text-align: justify;\"><span style=\"font-family: tahoma, arial, helvetica, sans-serif; font-size: 10pt;\">Promover eventos para recaudar fondos para el apoyo a las organizaciones locales de JCI M\u00e9xico.<\/span><\/li>\n<li style=\"text-align: justify;\"><span style=\"font-family: tahoma, arial, helvetica, sans-serif; font-size: 10pt;\">Promover la recepci\u00f3n de aportaciones y donativos para el crecimiento de JCI M\u00e9xico.<\/span><\/li>\n<li style=\"text-align: justify;\"><span style=\"font-family: tahoma, arial, helvetica, sans-serif; font-size: 10pt;\">Fomentar el desarrollo de ideas, iniciativas y proyectos para el beneficio de la Fundaci\u00f3n.<\/span><\/li>\n<\/ul>\n<div style=\"text-align: justify;\">&nbsp;<\/div>\n<p style=\"text-align: justify;\"><span style=\"font-family: tahoma, arial, helvetica, sans-serif; font-size: 10pt;\"><strong>Miembros. <\/strong>&#8211; Los miembros de la Fundaci\u00f3n son todas aquellas personas f\u00edsicas o morales que hagan aportaciones en dinero o en especie, quienes tendr\u00e1n el car\u00e1cter de miembros regulares, previa aprobaci\u00f3n del Comit\u00e9 Ejecutivo. Actualmente la Fundaci\u00f3n tiene 53 miembros nominales y 49 miembros efectivos, ya que 4 personas no han dado a la fecha la aportaci\u00f3n prometida.<\/span><\/p>\n<p style=\"text-align: justify;\"><span style=\"font-family: tahoma, arial, helvetica, sans-serif; font-size: 10pt;\"><strong>Comit\u00e9 Ejecutivo<\/strong>.- El \u00f3rgano de gobierno de la Fundaci\u00f3n es la Asamblea General compuesta por el total de miembros activos de la Fundaci\u00f3n. El \u00f3rgano de Administraci\u00f3n es un Comit\u00e9 Ejecutivo compuesto por Presidente; Secretario; Tesorero; Presidente Anterior; y Presidente Nacional de JCI M\u00e9xico (en funciones). Existen Consejeros que son los \u00faltimos cinco Presidentes de JCI M\u00e9xico, anteriores al que est\u00e1 en funciones.<\/span><\/p>\n<p style=\"text-align: justify;\"><span style=\"font-family: tahoma, arial, helvetica, sans-serif; font-size: 10pt;\"><strong>Presidentes de la Fundaci\u00f3n<\/strong>.- La Fundaci\u00f3n inici\u00f3 con la Senadora JCI Rosario Abrica como Presidenta de 1998 a 2002. Para el periodo 2002-2005, el Presidente fue el Senador JCI Joaqu\u00edn Mart\u00ednez; en 2006 se eligi\u00f3 al Senador JCI Otoniel Ortega como nuevo Presidente y en 2010, por acuerdo de los miembros de la Fundaci\u00f3n reunidos en Cuernavaca, Morelos, se eligi\u00f3 como Presidente al Senador Daniel Garza.<\/span><\/p>\n<p><span style=\"font-family: tahoma, arial, helvetica, sans-serif; font-size: 10pt;\"><strong>Nivel de Aportaciones.-<\/strong><\/span><\/p>\n<ul>\n<li style=\"padding: 0px 0px 0px 30px; margin: 0px 0px 5px; border: 0px; background: url('\/plugins\/system\/jat3\/jat3\/base-themes\/default\/images\/bullet.gif') 20px 7px no-repeat; line-height: 19.2px; overflow: hidden;\"><span style=\"font-family: tahoma, arial, helvetica, sans-serif; font-size: 10pt;\">Bronce &nbsp; &nbsp;&nbsp;&nbsp;&nbsp;&nbsp;&nbsp;&nbsp; $&nbsp; 500 pesos<\/span><\/li>\n<li style=\"padding: 0px 0px 0px 30px; margin: 0px 0px 5px; border: 0px; background: url('\/plugins\/system\/jat3\/jat3\/base-themes\/default\/images\/bullet.gif') 20px 7px no-repeat; line-height: 19.2px; overflow: hidden;\"><span style=\"font-family: tahoma, arial, helvetica, sans-serif; font-size: 10pt;\">Plata&nbsp;&nbsp;&nbsp;&nbsp;&nbsp;&nbsp;&nbsp;&nbsp;&nbsp;&nbsp;&nbsp;&nbsp;&nbsp; $1000 pesos<\/span><\/li>\n<li style=\"padding: 0px 0px 0px 30px; margin: 0px 0px 5px; border: 0px; background: url('\/plugins\/system\/jat3\/jat3\/base-themes\/default\/images\/bullet.gif') 20px 7px no-repeat; line-height: 19.2px; overflow: hidden;\"><span style=\"font-family: tahoma, arial, helvetica, sans-serif; font-size: 10pt;\">Oro&nbsp;&nbsp;&nbsp;&nbsp;&nbsp;&nbsp;&nbsp;&nbsp;&nbsp;&nbsp;&nbsp;&nbsp;&nbsp;&nbsp;&nbsp; $2500 pesos<\/span><\/li>\n<li style=\"padding: 0px 0px 0px 30px; margin: 0px 0px 5px; border: 0px; background: url('\/plugins\/system\/jat3\/jat3\/base-themes\/default\/images\/bullet.gif') 20px 7px no-repeat; line-height: 19.2px; overflow: hidden;\"><span style=\"font-family: tahoma, arial, helvetica, sans-serif; font-size: 10pt;\">Diamante&nbsp;&nbsp;&nbsp;&nbsp;&nbsp;&nbsp;&nbsp; $5000 pesos<\/span><\/li>\n<\/ul>\n<p style=\"text-align: justify;\"><span style=\"font-family: tahoma, arial, helvetica, sans-serif; font-size: 10pt;\"><strong>Proyectos llevados a cabo por la Fundaci\u00f3n. &#8211; <\/strong>Los recursos aportados por la Fundaci\u00f3n a la organizaci\u00f3n nacional JCI sumaron m\u00e1s de $75,000 pesos hasta 2005, sin tocar los recursos aportados por los miembros para la constituci\u00f3n del fondo econ\u00f3mico, de acuerdo con lo siguiente:.<strong><br \/>\n<\/strong><\/span><\/p>\n<ul>\n<li style=\"text-align: justify;\"><span style=\"font-family: tahoma, arial, helvetica, sans-serif; font-size: 10pt;\">En 2002 se firm\u00f3 un convenio con C\u00e1maras Junior de M\u00e9xico (hoy JCI M\u00e9xico) por tres a\u00f1os, para dar apoyo econ\u00f3mico al funcionamiento de la Secretar\u00eda General de JCI M\u00e9xico, que incluy\u00f3 la gesti\u00f3n de aportaciones en dinero y en especie conseguidas a trav\u00e9s de patrocinadores (personas f\u00edsicas o morales).<\/span><\/li>\n<li><span style=\"font-family: tahoma, arial, helvetica, sans-serif; font-size: 10pt;\">Se gestion\u00f3 una aportaci\u00f3n econ\u00f3mica para el desempe\u00f1o de las funciones del Secretario General.<\/span><\/li>\n<li><span style=\"font-family: tahoma, arial, helvetica, sans-serif; font-size: 10pt;\">Se gestionaron y aportaron recursos para el dise\u00f1o y administraci\u00f3n de la p\u00e1gina web de JCI M\u00e9xico<\/span><\/li>\n<li style=\"text-align: justify;\"><span style=\"font-family: tahoma, arial, helvetica, sans-serif; font-size: 10pt;\">Se consiguieron patrocinios para renovar el equipo inform\u00e1tico y el mobiliario de la Secretar\u00eda General, incluyendo la donaci\u00f3n de un equipo multifuncional.<\/span><\/li>\n<li style=\"text-align: justify;\"><span style=\"font-family: tahoma, arial, helvetica, sans-serif; font-size: 10pt;\">Se gestionaron apoyos para financiar la presencia en M\u00e9xico de facilitadores internacionales, como la Vicepresidenta Ejecutiva JCI, Fay Lawrence y la Presidenta del Consejo Americano de Desarrollo JCI, Alica Montero.<\/span><\/li>\n<li style=\"text-align: justify;\"><span style=\"font-family: tahoma, arial, helvetica, sans-serif; font-size: 10pt;\">Se aportaron recursos para financiar proyectos de capacitaci\u00f3n de funcionarios de organizaciones locales, en especial en San Crist\u00f3bal Las Casas, Toluca, Tijuana y Ciudad de M\u00e9xico.<\/span><\/li>\n<li style=\"text-align: justify;\"><span style=\"font-family: tahoma, arial, helvetica, sans-serif; font-size: 10pt;\">En el \u00e1mbito interno, se hizo una promoci\u00f3n intensiva para incrementar la membres\u00eda de la Fundaci\u00f3n, logrando subir de 16 miembros en 1998 a 52 miembros en 2005; se entregaron credenciales pl\u00e1sticas a todos los miembros activos de la Fundaci\u00f3n; y se difundieron las actividades a trav\u00e9s de boletines.<\/span><\/li>\n<\/ul>\n<p>&nbsp;<\/p>\n<p><span style=\"font-family: tahoma, arial, helvetica, sans-serif; font-size: 10pt;\"><strong>Fondo Econ\u00f3mico<\/strong>.-&nbsp; A 2010, los recursos de la Fundaci\u00f3n sumaron $42,371 pesos:<\/span><\/p>\n<ul>\n<li style=\"text-align: justify;\"><span style=\"font-family: tahoma, arial, helvetica, sans-serif; font-size: 10pt;\">$9,271 pesos se encuentran depositados en la cuenta Citibanamex 7513145527, radicada en la ciudad de Tijuana, B.C., bajo la custodia de la Senadora JCI Rosario Abrica y la Senadora Lourdes Garc\u00eda Rocha.<\/span><\/li>\n<li style=\"text-align: justify;\"><span style=\"font-family: tahoma, arial, helvetica, sans-serif; font-size: 10pt;\">$33,100 pesos se encuentran depositados en la cuenta Citibanamex No. 9169100203, radicada en la ciudad de M\u00e9xico, bajo la custodia del Senador JCI Joaqu\u00edn Mart\u00ednez.<\/span><\/li>\n<\/ul>\n<p>&nbsp;<\/p>\n<p style=\"text-align: justify;\"><span style=\"font-family: tahoma, arial, helvetica, sans-serif; font-size: 10pt;\"><strong>In<\/strong><strong>formaci\u00f3n General. &#8211; <\/strong>Los siguientes documentos se encuentran disponibles para su descarga en este el sitio web:<\/span><\/p>\n<ol>\n<li><span style=\"color: #0000ff; font-family: tahoma, arial, helvetica, sans-serif; font-size: 10pt;\"><a style=\"color: #0000ff;\" href=\"https:\/\/www.senadojcimexico.org\/portal\/wp-content\/uploads\/2021\/09\/1.-Estatutos-Fundacion-Nal.-de-Desarrollo-CJM.pdf\"><strong>Estatutos<\/strong><\/a><\/span><\/li>\n<li><span style=\"color: #0000ff; font-family: tahoma, arial, helvetica, sans-serif; font-size: 10pt;\"><a style=\"color: #0000ff;\" href=\"https:\/\/www.senadojcimexico.org\/portal\/wp-content\/uploads\/2021\/09\/2.-Informe-del-Presidente-1998-2002.pdf\"><strong>Informe<\/strong><\/a> del Presidente 1998-2002<\/span><\/li>\n<li><span style=\"color: #0000ff; font-family: tahoma, arial, helvetica, sans-serif; font-size: 10pt;\"><a style=\"color: #0000ff;\" href=\"https:\/\/www.senadojcimexico.org\/portal\/wp-content\/uploads\/2021\/09\/3.-Acta-Reunion-Anual_11-05-2002.pdf\"><strong>Acta<\/strong><\/a> de la Reuni\u00f3n Anual_11-05-2002<\/span><\/li>\n<li><span style=\"color: #0000ff; font-family: tahoma, arial, helvetica, sans-serif; font-size: 10pt;\"><strong><a style=\"color: #0000ff;\" href=\"https:\/\/www.senadojcimexico.org\/portal\/wp-content\/uploads\/2021\/09\/4.-Informe-del-Presidente-2002-2004.pdf\">Informe<\/a><\/strong> del Presidente 2002-2004<\/span><\/li>\n<li><span style=\"color: #0000ff; font-family: tahoma, arial, helvetica, sans-serif; font-size: 10pt;\"><a style=\"color: #0000ff;\" href=\"https:\/\/www.senadojcimexico.org\/portal\/wp-content\/uploads\/2021\/09\/5.-Minuta-Reunion-Anual_14-10-2004.pdf\"><strong>Minuta<\/strong><\/a> de la Reuni\u00f3n Anual_14-10-2004<\/span><\/li>\n<li><span style=\"color: #0000ff; font-family: tahoma, arial, helvetica, sans-serif; font-size: 10pt;\"><a style=\"color: #0000ff;\" href=\"https:\/\/www.senadojcimexico.org\/portal\/wp-content\/uploads\/2021\/09\/6.-Informe-del-Presidente-2004-2005.pdf\"><strong>Informe<\/strong><\/a> del Presidente 2004-2005<\/span><\/li>\n<li><span style=\"color: #0000ff; font-family: tahoma, arial, helvetica, sans-serif; font-size: 10pt;\"><strong><a style=\"color: #0000ff;\" href=\"https:\/\/www.senadojcimexico.org\/portal\/wp-content\/uploads\/2021\/09\/7.-Lista-de-Miembros-y-Aportaciones-1998-2010.pdf\">Lista<\/a><\/strong> de Miembros y Aportaciones 1998-2010<\/span><\/li>\n<li><span style=\"color: #0000ff; font-family: tahoma, arial, helvetica, sans-serif; font-size: 10pt;\"><strong><a style=\"color: #0000ff;\" href=\"https:\/\/www.senadojcimexico.org\/portal\/wp-content\/uploads\/2021\/09\/8.-Informe-de-Tesoreria-2010.pdf\">Informe<\/a><\/strong> de Tesorer\u00eda 2010<\/span><\/li>\n<li><span style=\"color: #0000ff; font-family: tahoma, arial, helvetica, sans-serif; font-size: 10pt;\"><strong><a style=\"color: #0000ff;\" href=\"https:\/\/www.senadojcimexico.org\/portal\/wp-content\/uploads\/2021\/09\/9.-Acta-Reunion-Anual_03-10-2010.pdf\">Acta<\/a> <\/strong>de la Reuni\u00f3n Anual_03-10-2010<\/span><\/li>\n<li><span style=\"color: #0000ff; font-family: tahoma, arial, helvetica, sans-serif; font-size: 10pt;\"><a style=\"color: #0000ff;\" href=\"https:\/\/www.senadojcimexico.org\/portal\/wp-content\/uploads\/2021\/09\/10.-Comunicado-Fundacion-Nal.-Desarrollo-CJM.pdf\"><strong>Comunicado<\/strong><\/a> de la Fundaci\u00f3n Nal. de Desarrollo de CJM<\/span><\/li>\n<li><span style=\"font-family: tahoma, arial, helvetica, sans-serif; font-size: 10pt; color: #0000ff;\"><a style=\"color: #0000ff;\" href=\"https:\/\/www.senadojcimexico.org\/portal\/wp-content\/uploads\/2021\/09\/11.-Boletin-de-la-Fundacion-1998.pdf\"><strong>Boletin<\/strong><\/a> de la Fundaci\u00f3n 1998<\/span><\/li>\n<li><span style=\"font-family: tahoma, arial, helvetica, sans-serif; font-size: 10pt; color: #0000ff;\"><a style=\"color: #0000ff;\" href=\"https:\/\/www.senadojcimexico.org\/portal\/wp-content\/uploads\/2021\/09\/12.-Boletin-de-la-Fundacion-2003.pdf\"><strong>Boletin<\/strong><\/a> de la Fundaci\u00f3n 2003<\/span><\/li>\n<\/ol>\n<p>&nbsp;<\/p>\n","protected":false},"excerpt":{"rendered":"<p>Antecedentes. &#8211; La Fundaci\u00f3n se cre\u00f3 en octubre de 1997 por acuerdo de la Asamblea General en la LII Convenci\u00f3n Nacional de C\u00e1maras Junior de M\u00e9xico (ahora JCI M\u00e9xico) y se constituy\u00f3 legalmente como Sociedad Civil el 17 de agosto de 1998, inscrita en el Registro Federal de Contribuyentes con c\u00e9dula FND-980817-MP9. Objetivos Crear un &hellip; <\/p>\n<p><a class=\"more-link btn\" href=\"https:\/\/www.senadojcimexico.org\/portal\/fundacion\/\">Seguir leyendo<\/a><\/p>\n","protected":false},"author":1,"featured_media":0,"parent":0,"menu_order":5,"comment_status":"closed","ping_status":"closed","template":"","meta":{"ngg_post_thumbnail":0,"footnotes":""},"class_list":["post-13","page","type-page","status-publish","hentry","nodate","item-wrap"],"_links":{"self":[{"href":"https:\/\/www.senadojcimexico.org\/portal\/wp-json\/wp\/v2\/pages\/13","targetHints":{"allow":["GET"]}}],"collection":[{"href":"https:\/\/www.senadojcimexico.org\/portal\/wp-json\/wp\/v2\/pages"}],"about":[{"href":"https:\/\/www.senadojcimexico.org\/portal\/wp-json\/wp\/v2\/types\/page"}],"author":[{"embeddable":true,"href":"https:\/\/www.senadojcimexico.org\/portal\/wp-json\/wp\/v2\/users\/1"}],"replies":[{"embeddable":true,"href":"https:\/\/www.senadojcimexico.org\/portal\/wp-json\/wp\/v2\/comments?post=13"}],"version-history":[{"count":12,"href":"https:\/\/www.senadojcimexico.org\/portal\/wp-json\/wp\/v2\/pages\/13\/revisions"}],"predecessor-version":[{"id":4750,"href":"https:\/\/www.senadojcimexico.org\/portal\/wp-json\/wp\/v2\/pages\/13\/revisions\/4750"}],"wp:attachment":[{"href":"https:\/\/www.senadojcimexico.org\/portal\/wp-json\/wp\/v2\/media?parent=13"}],"curies":[{"name":"wp","href":"https:\/\/api.w.org\/{rel}","templated":true}]}}