{"id":11,"date":"2017-05-30T14:23:58","date_gmt":"2017-05-30T14:23:58","guid":{"rendered":"http:\/\/www.senadojcimexico.org\/portal\/?page_id=11"},"modified":"2024-06-14T14:51:07","modified_gmt":"2024-06-14T20:51:07","slug":"cronicas","status":"publish","type":"page","link":"https:\/\/www.senadojcimexico.org\/portal\/cronicas\/","title":{"rendered":"Cr\u00f3nicas"},"content":{"rendered":"    <div data-options='{&quot;id&quot;:&quot;144&quot;,&quot;lazy_load&quot;:&quot;no&quot;,&quot;masonry_enable&quot;:&quot;no&quot;,&quot;view_type&quot;:&quot;grid&quot;}' id=\"post-grid-144\" class=\"post-grid grid\">\n        <div class=\"grid-items\">\n      <div class=\"item item-137 skin flat even 0 \">\n        <div class=\"layer-wrapper layout-\">\n        <div class=\"layer-media\"><a href=\"https:\/\/www.senadojcimexico.org\/portal\/rescatando-nuestra-historia-xxxiv-convencion-nacional-jci-en-tepic\/\"><img decoding=\"async\" src=\"https:\/\/www.senadojcimexico.org\/portal\/wp-content\/uploads\/2017\/09\/XXXIV-Convencion-Nacional-CJM.jpg\" \/><\/a><\/div>\n  <div class=\"layer-content\">\n        <div class=\"element element_0  title \">\n                    <a target=\"\"\n                href=\"https:\/\/www.senadojcimexico.org\/portal\/rescatando-nuestra-historia-xxxiv-convencion-nacional-jci-en-tepic\/\">Rescatando Nuestra Historia - XXXIV Convenci\u00f3n Nacional JCI en Tepic<\/a>\n            <\/div>\n    <div class=\"element element_1  excerpt \">\n        La XXXIV Convenci\u00f3n Nacional de C\u00e1maras J\u00fanior de M\u00e9xico se celebr\u00f3 en octubre de 1979, en Tepic, Nayarit, bajo el            <\/div>\n            <a class=\"element element_2  read_more \"\n            target=\"\"\n            href=\"https:\/\/www.senadojcimexico.org\/portal\/rescatando-nuestra-historia-xxxiv-convencion-nacional-jci-en-tepic\/\"><\/a>\n      <\/div>\n    <\/div>\n  <\/div><div class=\"item item-130 skin flat odd 1 \">\n        <div class=\"layer-wrapper layout-\">\n        <div class=\"layer-media\"><a href=\"https:\/\/www.senadojcimexico.org\/portal\/rescatando-nuestra-historia\/\"><img decoding=\"async\" src=\"https:\/\/www.senadojcimexico.org\/portal\/wp-content\/uploads\/2017\/09\/Congreso-JCI-Diciembre-7-de-1944.jpg\" \/><\/a><\/div>\n  <div class=\"layer-content\">\n        <div class=\"element element_0  title \">\n                    <a target=\"\"\n                href=\"https:\/\/www.senadojcimexico.org\/portal\/rescatando-nuestra-historia\/\">Proyecto \"Rescatando Nuestra Historia\"<\/a>\n            <\/div>\n    <div class=\"element element_1  excerpt \">\n        Ent\u00e9rate aqu\u00ed de la Convocatoria y las Bases del Proyecto. La Directiva&nbsp;del Senado JCI M\u00e9xico&nbsp;est\u00e1 haciendo una atenta invitaci\u00f3n a            <\/div>\n            <a class=\"element element_2  read_more \"\n            target=\"\"\n            href=\"https:\/\/www.senadojcimexico.org\/portal\/rescatando-nuestra-historia\/\"><\/a>\n      <\/div>\n    <\/div>\n  <\/div><div class=\"item item-411 skin flat even 2 \">\n        <div class=\"layer-wrapper layout-\">\n        <div class=\"layer-media\"><a href=\"https:\/\/www.senadojcimexico.org\/portal\/rescatando-nuestra-historia-primera-convencion-del-senado\/\"><img decoding=\"async\" src=\"https:\/\/www.senadojcimexico.org\/portal\/wp-content\/uploads\/2016\/09\/1987CdCarmen-Senadores.jpg\" \/><\/a><\/div>\n  <div class=\"layer-content\">\n        <div class=\"element element_0  title \">\n                    <a target=\"\"\n                href=\"https:\/\/www.senadojcimexico.org\/portal\/rescatando-nuestra-historia-primera-convencion-del-senado\/\">Rescatando Nuestra Historia - Primera Convenci\u00f3n del Senado<\/a>\n            <\/div>\n    <div class=\"element element_1  excerpt \">\n        En Ciudad del Carmen, Campeche, durante la 42ava. Convenci\u00f3n Nacional de las C\u00e1maras Junior de M\u00e9xico, en octubre de 1987,            <\/div>\n            <a class=\"element element_2  read_more \"\n            target=\"\"\n            href=\"https:\/\/www.senadojcimexico.org\/portal\/rescatando-nuestra-historia-primera-convencion-del-senado\/\"><\/a>\n      <\/div>\n    <\/div>\n  <\/div><div class=\"item item-407 skin flat odd 3 \">\n        <div class=\"layer-wrapper layout-\">\n        <div class=\"layer-media\"><a href=\"https:\/\/www.senadojcimexico.org\/portal\/rescatando-nuestra-historia-convencion-del-senado-en-tijuana\/\"><img decoding=\"async\" src=\"https:\/\/www.senadojcimexico.org\/portal\/wp-content\/uploads\/2016\/09\/Convencion-Tijuana-Senado-1995.jpg\" \/><\/a><\/div>\n  <div class=\"layer-content\">\n        <div class=\"element element_0  title \">\n                    <a target=\"\"\n                href=\"https:\/\/www.senadojcimexico.org\/portal\/rescatando-nuestra-historia-convencion-del-senado-en-tijuana\/\">Rescatando Nuestra Historia - Convenci\u00f3n del Senado en Tijuana<\/a>\n            <\/div>\n    <div class=\"element element_1  excerpt \">\n        Senadores JCI asistentes a la Convenci\u00f3n Nacional del Senado JCI M\u00e9xico celebrada en la ciudad de Tijuana, Baja California, en            <\/div>\n            <a class=\"element element_2  read_more \"\n            target=\"\"\n            href=\"https:\/\/www.senadojcimexico.org\/portal\/rescatando-nuestra-historia-convencion-del-senado-en-tijuana\/\"><\/a>\n      <\/div>\n    <\/div>\n  <\/div><div class=\"item item-404 skin flat even 4 \">\n        <div class=\"layer-wrapper layout-\">\n        <div class=\"layer-media\"><a href=\"https:\/\/www.senadojcimexico.org\/portal\/rescatando-nuestra-historia-convencion-del-senado-en-jalisco\/\"><img decoding=\"async\" src=\"http:\/\/www.senadojcimexico.org\/portal\/wp-content\/uploads\/2017\/09\/TeatroDegollado_490x280.jpg\" \/><\/a><\/div>\n  <div class=\"layer-content\">\n        <div class=\"element element_0  title \">\n                    <a target=\"\"\n                href=\"https:\/\/www.senadojcimexico.org\/portal\/rescatando-nuestra-historia-convencion-del-senado-en-jalisco\/\">Rescatando Nuestra Historia - Convenci\u00f3n del Senado en Jalisco<\/a>\n            <\/div>\n    <div class=\"element element_1  excerpt \">\n        Al frente del c\u00e9lebre e hist\u00f3rico Teatro Degollado en Guadalajara, Jalisco, la foto del recuerdo de los asistentes a la            <\/div>\n            <a class=\"element element_2  read_more \"\n            target=\"\"\n            href=\"https:\/\/www.senadojcimexico.org\/portal\/rescatando-nuestra-historia-convencion-del-senado-en-jalisco\/\"><\/a>\n      <\/div>\n    <\/div>\n  <\/div><div class=\"item item-400 skin flat odd 5 \">\n        <div class=\"layer-wrapper layout-\">\n        <div class=\"layer-media\"><a href=\"https:\/\/www.senadojcimexico.org\/portal\/rescatando-nuestra-historia-entrevista-con-raul-velasco\/\"><img decoding=\"async\" src=\"http:\/\/www.senadojcimexico.org\/portal\/wp-content\/uploads\/2017\/09\/RaulVelasco_490x280.jpg\" \/><\/a><\/div>\n  <div class=\"layer-content\">\n        <div class=\"element element_0  title \">\n                    <a target=\"\"\n                href=\"https:\/\/www.senadojcimexico.org\/portal\/rescatando-nuestra-historia-entrevista-con-raul-velasco\/\">Rescatando Nuestra Historia - Entrevista con Ra\u00fal Velasco<\/a>\n            <\/div>\n    <div class=\"element element_1  excerpt \">\n        Directivos nacionales J\u00fanior en el programa \"Siempre en Domingo\". En el programa de televisi\u00f3n Siempre en Domingo que se transmit\u00eda            <\/div>\n            <a class=\"element element_2  read_more \"\n            target=\"\"\n            href=\"https:\/\/www.senadojcimexico.org\/portal\/rescatando-nuestra-historia-entrevista-con-raul-velasco\/\"><\/a>\n      <\/div>\n    <\/div>\n  <\/div><div class=\"item item-397 skin flat even 6 \">\n        <div class=\"layer-wrapper layout-\">\n        <div class=\"layer-media\"><a href=\"https:\/\/www.senadojcimexico.org\/portal\/rescatando-nuestra-historia-residencia-oficial-de-los-pinos\/\"><img decoding=\"async\" src=\"http:\/\/www.senadojcimexico.org\/portal\/wp-content\/uploads\/2017\/09\/Historia1.jpg\" \/><\/a><\/div>\n  <div class=\"layer-content\">\n        <div class=\"element element_0  title \">\n                    <a target=\"\"\n                href=\"https:\/\/www.senadojcimexico.org\/portal\/rescatando-nuestra-historia-residencia-oficial-de-los-pinos\/\">Rescatando Nuestra Historia - Residencia Oficial de Los Pinos<\/a>\n            <\/div>\n    <div class=\"element element_1  excerpt \">\n        El Presidente de M\u00e9xico, Lic. Gustavo Diaz Ordaz, recibi\u00f3 en la Residencia Oficial de Los Pinos, al Comit\u00e9 Ejecutivo Nacional            <\/div>\n            <a class=\"element element_2  read_more \"\n            target=\"\"\n            href=\"https:\/\/www.senadojcimexico.org\/portal\/rescatando-nuestra-historia-residencia-oficial-de-los-pinos\/\"><\/a>\n      <\/div>\n    <\/div>\n  <\/div><div class=\"item item-394 skin flat odd 7 \">\n        <div class=\"layer-wrapper layout-\">\n        <div class=\"layer-media\"><a href=\"https:\/\/www.senadojcimexico.org\/portal\/rescatando-nuestra-historia-gonzalo-villa-en-chihuahua\/\"><img decoding=\"async\" src=\"http:\/\/www.senadojcimexico.org\/portal\/wp-content\/uploads\/2017\/09\/GonzaloVilla1946_490x280.jpg\" \/><\/a><\/div>\n  <div class=\"layer-content\">\n        <div class=\"element element_0  title \">\n                    <a target=\"\"\n                href=\"https:\/\/www.senadojcimexico.org\/portal\/rescatando-nuestra-historia-gonzalo-villa-en-chihuahua\/\">Rescatando Nuestra Historia - Gonzalo Villa en Chihuahua<\/a>\n            <\/div>\n    <div class=\"element element_1  excerpt \">\n        Gonzalo Villa Durante, primer Presidente del Senado JCI M\u00e9xico, llega a la ciudad de Chihuahua, Chih. en 1946, para asistir            <\/div>\n            <a class=\"element element_2  read_more \"\n            target=\"\"\n            href=\"https:\/\/www.senadojcimexico.org\/portal\/rescatando-nuestra-historia-gonzalo-villa-en-chihuahua\/\"><\/a>\n      <\/div>\n    <\/div>\n  <\/div><div class=\"item item-391 skin flat even 8 \">\n        <div class=\"layer-wrapper layout-\">\n        <div class=\"layer-media\"><a href=\"https:\/\/www.senadojcimexico.org\/portal\/rescatando-nuestra-historia-1a-convencion-nacional-jci-1946\/\"><img decoding=\"async\" src=\"https:\/\/www.senadojcimexico.org\/portal\/wp-content\/uploads\/2016\/09\/Chihuahua-1946-1.jpg\" \/><\/a><\/div>\n  <div class=\"layer-content\">\n        <div class=\"element element_0  title \">\n                    <a target=\"\"\n                href=\"https:\/\/www.senadojcimexico.org\/portal\/rescatando-nuestra-historia-1a-convencion-nacional-jci-1946\/\">Rescatando Nuestra Historia - 1a. Convenci\u00f3n Nacional JCI 1946<\/a>\n            <\/div>\n    <div class=\"element element_1  excerpt \">\n        Cena de clausura de la primera Convenci\u00f3n de la Asociaci\u00f3n Nacional de C\u00e1maras J\u00fanior de la Rep\u00fablica Mexicana, celebrada en            <\/div>\n            <a class=\"element element_2  read_more \"\n            target=\"\"\n            href=\"https:\/\/www.senadojcimexico.org\/portal\/rescatando-nuestra-historia-1a-convencion-nacional-jci-1946\/\"><\/a>\n      <\/div>\n    <\/div>\n  <\/div><div class=\"item item-388 skin flat odd 9 \">\n        <div class=\"layer-wrapper layout-\">\n        <div class=\"layer-media\"><a href=\"https:\/\/www.senadojcimexico.org\/portal\/rescatando-nuestra-historia-con-el-vicepresidente-richard-m-nixon\/\"><img decoding=\"async\" src=\"http:\/\/www.senadojcimexico.org\/portal\/wp-content\/uploads\/2017\/09\/Historia2.jpg\" \/><\/a><\/div>\n  <div class=\"layer-content\">\n        <div class=\"element element_0  title \">\n                    <a target=\"\"\n                href=\"https:\/\/www.senadojcimexico.org\/portal\/rescatando-nuestra-historia-con-el-vicepresidente-richard-m-nixon\/\">Rescatando Nuestra Historia - Con el Vicepresidente Richard M. Nixon<\/a>\n            <\/div>\n    <div class=\"element element_1  excerpt \">\n        El Presidente de la Asociaci\u00f3n Nacional de C\u00e1maras J\u00fanior de la Rep\u00fablica Mexicana, Ing. Rafael Mart\u00ednez Yannini, saluda al entonces            <\/div>\n            <a class=\"element element_2  read_more \"\n            target=\"\"\n            href=\"https:\/\/www.senadojcimexico.org\/portal\/rescatando-nuestra-historia-con-el-vicepresidente-richard-m-nixon\/\"><\/a>\n      <\/div>\n    <\/div>\n  <\/div>    <\/div>\n    <div class=\"pagination\">\n      <div class=\"paginate\">\n      <\/div>\n  <style type=\"text\/css\">\n    #post-grid-144 .pagination .page-numbers {\n      font-size: 17px;\n      color: #646464;\n      background: #646464;\n    }\n\n    #post-grid-144 .pagination .page-numbers:hover,\n    #post-grid-144 .pagination .page-numbers.current {\n      background: #4b4b4b;\n    }\n  <\/style>\n  <\/div>\n      <style type=\"text\/css\">\n      \/*Write your CSS code here*\/    <\/style>\n      <script>\n          \/*Write your js code here*\/          <\/script>\n    <style type=\"text\/css\">\n    #post-grid-144 .element_0 {\n      display: block;font-size: 21px;line-height: normal;padding: 5px 10px;text-align: center;    }\n\n    #post-grid-144 .element_1 {\n      display: block;font-size: 12px;padding: 5px 10px;text-align: center;    }\n\n    #post-grid-144 .element_2 {\n      display: block;font-size: 12px;font-weight: bold;padding: 0 10px;text-align: center;    }\n\n    #post-grid-144 .element_0:hover{}#post-grid-144 .element_1:hover{}#post-grid-144 .element_2:hover{}  <\/style>\n  <style type=\"text\/css\">\n    #post-grid-144 {\n      padding: 10px;\n      background-color: #fff;\n          }\n\n    #post-grid-144 .item {\n      background: #fff;\n          }\n\n    #post-grid-144 .item .layer-media {\n      height:auto;    }\n\n    @media only screen and (min-width: 0px) and (max-width: 767px) {\n      #post-grid-144 .grid-items {\n        text-align: center;\n              }\n\n      #post-grid-144 .item {\n        width: 90%;\n        margin: 10px;\n        display: inline-block;\n        vertical-align: top;\n        height:auto;      }\n    }\n\n    @media only screen and (min-width: 768px) and (max-width: 1023px) {\n      #post-grid-144 .grid-items {\n        text-align: center;\n              }\n\n      #post-grid-144 .item {\n        width: 280px;\n        margin: 10px;\n        display: inline-block;\n        vertical-align: top;\n        max-height:auto;      }\n    }\n\n    @media only screen and (min-width: 1024px) {\n      #post-grid-144 .grid-items {\n        text-align: center;\n              }\n\n      #post-grid-144 .item {\n        width: 280px;\n        display: inline-block;\n        margin: 10px;\n        vertical-align: top;\n        height:auto;      }\n    }\n\n      <\/style>\n  <\/div>\n\n","protected":false},"excerpt":{"rendered":"","protected":false},"author":1,"featured_media":0,"parent":0,"menu_order":4,"comment_status":"closed","ping_status":"closed","template":"","meta":{"ngg_post_thumbnail":0,"footnotes":""},"class_list":["post-11","page","type-page","status-publish","hentry","item-wrap"],"_links":{"self":[{"href":"https:\/\/www.senadojcimexico.org\/portal\/wp-json\/wp\/v2\/pages\/11","targetHints":{"allow":["GET"]}}],"collection":[{"href":"https:\/\/www.senadojcimexico.org\/portal\/wp-json\/wp\/v2\/pages"}],"about":[{"href":"https:\/\/www.senadojcimexico.org\/portal\/wp-json\/wp\/v2\/types\/page"}],"author":[{"embeddable":true,"href":"https:\/\/www.senadojcimexico.org\/portal\/wp-json\/wp\/v2\/users\/1"}],"replies":[{"embeddable":true,"href":"https:\/\/www.senadojcimexico.org\/portal\/wp-json\/wp\/v2\/comments?post=11"}],"version-history":[{"count":3,"href":"https:\/\/www.senadojcimexico.org\/portal\/wp-json\/wp\/v2\/pages\/11\/revisions"}],"predecessor-version":[{"id":4748,"href":"https:\/\/www.senadojcimexico.org\/portal\/wp-json\/wp\/v2\/pages\/11\/revisions\/4748"}],"wp:attachment":[{"href":"https:\/\/www.senadojcimexico.org\/portal\/wp-json\/wp\/v2\/media?parent=11"}],"curies":[{"name":"wp","href":"https:\/\/api.w.org\/{rel}","templated":true}]}}